{"id":2841,"date":"2019-03-02T12:35:16","date_gmt":"2019-03-02T12:35:16","guid":{"rendered":"http:\/\/demo2.drfuri.com\/martfury17\/shop\/recaro-original-fd2r\/"},"modified":"2023-04-01T03:20:47","modified_gmt":"2023-04-01T03:20:47","slug":"recaro-original-fd2r","status":"publish","type":"product","link":"https:\/\/importadorayama.com\/?product=recaro-original-fd2r","title":{"rendered":"85AEDL"},"content":{"rendered":"","protected":false},"excerpt":{"rendered":"<p><span style=\"color: #000000;\">Motor de barco de 2 tiempos con 85 caballos de fuerza (HP), el combustible utilizado es gasolina (\u00a0<em>gasonline<\/em>\u00a0)<\/span><\/p>\n<p><span style=\"color: #000000;\">Motor dohc de 16 v\u00e1lvulas con rotaci\u00f3n de rpm \u00f3ptima a 4500-5500 r\/m proporciona un fuerte empuje, consumo de combustible de 35 litros\/hora con una altura de m\u00e1stil de 20&#8243; por lo que es adecuado para barcos altos, el sistema de arranque puede ser manual o el\u00e9ctrico<\/span><\/p>\n<p><span style=\"color: #000000;\">Este motor fuera de borda de 85 hp tiene ventajas en maniobrabilidad de 360\u00ba grados<\/span><\/p>\n<p><span style=\"color: #000000;\">Yamaha 85AEDL es adecuado para su uso<\/span><\/p>\n<ul>\n<li><span style=\"color: #000000;\">bote inflable<\/span><\/li>\n<li><span style=\"color: #000000;\">barcos de madera medianos<\/span><\/li>\n<li><span style=\"color: #000000;\">barcos de fibra medianos-grandes<\/span><\/li>\n<\/ul>\n<p>&nbsp;<\/p>\n","protected":false},"featured_media":4259,"comment_status":"open","ping_status":"closed","template":"","meta":{"_joinchat":[]},"product_cat":[85],"product_tag":[],"class_list":{"0":"post-2841","1":"product","2":"type-product","3":"status-publish","4":"has-post-thumbnail","6":"product_cat-2-tiempos","8":"first","9":"instock","10":"shipping-taxable","11":"purchasable","12":"product-type-simple","13":"col-xs-6 col-sm-4","14":"col-md-3 col-lg-3","15":"un-4-cols"},"_links":{"self":[{"href":"https:\/\/importadorayama.com\/index.php?rest_route=\/wp\/v2\/product\/2841","targetHints":{"allow":["GET"]}}],"collection":[{"href":"https:\/\/importadorayama.com\/index.php?rest_route=\/wp\/v2\/product"}],"about":[{"href":"https:\/\/importadorayama.com\/index.php?rest_route=\/wp\/v2\/types\/product"}],"replies":[{"embeddable":true,"href":"https:\/\/importadorayama.com\/index.php?rest_route=%2Fwp%2Fv2%2Fcomments&post=2841"}],"wp:featuredmedia":[{"embeddable":true,"href":"https:\/\/importadorayama.com\/index.php?rest_route=\/wp\/v2\/media\/4259"}],"wp:attachment":[{"href":"https:\/\/importadorayama.com\/index.php?rest_route=%2Fwp%2Fv2%2Fmedia&parent=2841"}],"wp:term":[{"taxonomy":"product_cat","embeddable":true,"href":"https:\/\/importadorayama.com\/index.php?rest_route=%2Fwp%2Fv2%2Fproduct_cat&post=2841"},{"taxonomy":"product_tag","embeddable":true,"href":"https:\/\/importadorayama.com\/index.php?rest_route=%2Fwp%2Fv2%2Fproduct_tag&post=2841"}],"curies":[{"name":"wp","href":"https:\/\/api.w.org\/{rel}","templated":true}]}}