{"id":2855,"date":"2019-04-20T07:56:27","date_gmt":"2019-04-20T07:56:27","guid":{"rendered":"http:\/\/demo2.drfuri.com\/martfury17\/?post_type=product&#038;p=2855"},"modified":"2023-04-01T03:20:19","modified_gmt":"2023-04-01T03:20:19","slug":"dfs780-fuel-system-cold-weather-kit-4","status":"publish","type":"product","link":"https:\/\/importadorayama.com\/?product=dfs780-fuel-system-cold-weather-kit-4","title":{"rendered":"2DMHS"},"content":{"rendered":"","protected":false},"excerpt":{"rendered":"<ul>\n<li>[vc_row][vc_column][vc_custom_heading text=&#8221;2DMHS&#8221; font_container=&#8221;tag:h2|font_size:16|text_align:left&#8221; use_theme_fonts=&#8221;yes&#8221; el_class=&#8221;semibold&#8221;][vc_column_text]<span style=\"color: #000000;\">Motor port\u00e1til, de f\u00e1cil operaci\u00f3n y mantenimiento. Cuenta con 5 capas de pintura anticorrosiva y \u00e1nodos para evitar la corrosi\u00f3n del motor. Ideal para aquellos que buscan la durabilidad y practicidad para las embarcaciones peque\u00f1as.<\/span>[\/vc_column_text][\/vc_column][\/vc_row]<\/li>\n<\/ul>\n","protected":false},"featured_media":4252,"comment_status":"open","ping_status":"closed","template":"","meta":{"_joinchat":[]},"product_cat":[85],"product_tag":[43],"class_list":{"0":"post-2855","1":"product","2":"type-product","3":"status-publish","4":"has-post-thumbnail","6":"product_cat-2-tiempos","7":"product_tag-bumpers","9":"first","10":"instock","11":"shipping-taxable","12":"purchasable","13":"product-type-simple","14":"col-xs-6 col-sm-4","15":"col-md-3 col-lg-3","16":"un-4-cols"},"_links":{"self":[{"href":"https:\/\/importadorayama.com\/index.php?rest_route=\/wp\/v2\/product\/2855","targetHints":{"allow":["GET"]}}],"collection":[{"href":"https:\/\/importadorayama.com\/index.php?rest_route=\/wp\/v2\/product"}],"about":[{"href":"https:\/\/importadorayama.com\/index.php?rest_route=\/wp\/v2\/types\/product"}],"replies":[{"embeddable":true,"href":"https:\/\/importadorayama.com\/index.php?rest_route=%2Fwp%2Fv2%2Fcomments&post=2855"}],"wp:featuredmedia":[{"embeddable":true,"href":"https:\/\/importadorayama.com\/index.php?rest_route=\/wp\/v2\/media\/4252"}],"wp:attachment":[{"href":"https:\/\/importadorayama.com\/index.php?rest_route=%2Fwp%2Fv2%2Fmedia&parent=2855"}],"wp:term":[{"taxonomy":"product_cat","embeddable":true,"href":"https:\/\/importadorayama.com\/index.php?rest_route=%2Fwp%2Fv2%2Fproduct_cat&post=2855"},{"taxonomy":"product_tag","embeddable":true,"href":"https:\/\/importadorayama.com\/index.php?rest_route=%2Fwp%2Fv2%2Fproduct_tag&post=2855"}],"curies":[{"name":"wp","href":"https:\/\/api.w.org\/{rel}","templated":true}]}}